{"id":139,"date":"2021-06-09T07:21:05","date_gmt":"2021-06-09T07:21:05","guid":{"rendered":"https:\/\/fayersandor.hu\/?page_id=139"},"modified":"2021-12-06T11:30:48","modified_gmt":"2021-12-06T11:30:48","slug":"ket-konyv","status":"publish","type":"page","link":"https:\/\/fayersandor.hu\/","title":{"rendered":"K\u00e9t k\u00f6nyv"},"content":{"rendered":"\t\t<div data-elementor-type=\"wp-page\" data-elementor-id=\"139\" class=\"elementor elementor-139\" data-elementor-settings=\"[]\">\n\t\t\t\t\t\t<div class=\"elementor-inner\">\n\t\t\t\t\t\t\t<div class=\"elementor-section-wrap\">\n\t\t\t\t\t\t\t<section class=\"elementor-section elementor-top-section elementor-element elementor-element-5220b11d elementor-section-content-middle elementor-section-height-full elementor-section-boxed elementor-section-height-default elementor-section-items-middle\" data-id=\"5220b11d\" data-element_type=\"section\" data-settings=\"{&quot;background_background&quot;:&quot;classic&quot;}\">\n\t\t\t\t\t\t<div class=\"elementor-container elementor-column-gap-no\">\n\t\t\t\t\t\t\t<div class=\"elementor-row\">\n\t\t\t\t\t<div class=\"elementor-column elementor-col-100 elementor-top-column elementor-element elementor-element-74c4b1e0\" data-id=\"74c4b1e0\" data-element_type=\"column\">\n\t\t\t<div class=\"elementor-column-wrap elementor-element-populated\">\n\t\t\t\t\t\t\t<div class=\"elementor-widget-wrap\">\n\t\t\t\t\t\t<div class=\"elementor-element elementor-element-6adb99c4 elementor-widget elementor-widget-heading\" data-id=\"6adb99c4\" data-element_type=\"widget\" data-widget_type=\"heading.default\">\n\t\t\t\t<div class=\"elementor-widget-container\">\n\t\t\t<h4 class=\"elementor-heading-title elementor-size-default\">Fayer S\u00e1ndor k\u00f6nyvei<\/h4>\t\t<\/div>\n\t\t\t\t<\/div>\n\t\t\t\t<section class=\"elementor-section elementor-inner-section elementor-element elementor-element-62a9a978 elementor-section-content-middle elementor-section-boxed elementor-section-height-default elementor-section-height-default\" data-id=\"62a9a978\" data-element_type=\"section\">\n\t\t\t\t\t\t<div class=\"elementor-container elementor-column-gap-no\">\n\t\t\t\t\t\t\t<div class=\"elementor-row\">\n\t\t\t\t\t<div class=\"elementor-column elementor-col-50 elementor-inner-column elementor-element elementor-element-38bb112b\" data-id=\"38bb112b\" data-element_type=\"column\">\n\t\t\t<div class=\"elementor-column-wrap elementor-element-populated\">\n\t\t\t\t\t\t\t<div class=\"elementor-widget-wrap\">\n\t\t\t\t\t\t<div class=\"elementor-element elementor-element-3e31fe77 elementor-position-top elementor-vertical-align-top elementor-widget elementor-widget-image-box\" data-id=\"3e31fe77\" data-element_type=\"widget\" data-widget_type=\"image-box.default\">\n\t\t\t\t<div class=\"elementor-widget-container\">\n\t\t\t<div class=\"elementor-image-box-wrapper\"><figure class=\"elementor-image-box-img\"><a href=\"https:\/\/fayersandor.hu\/?page_id=9\"><img width=\"1880\" height=\"1576\" src=\"https:\/\/fayersandor.hu\/wp-content\/uploads\/2021\/05\/FegyveresKonyv02.jpg\" class=\"attachment-full size-full\" alt=\"\" loading=\"lazy\" srcset=\"https:\/\/fayersandor.hu\/wp-content\/uploads\/2021\/05\/FegyveresKonyv02.jpg 1880w, https:\/\/fayersandor.hu\/wp-content\/uploads\/2021\/05\/FegyveresKonyv02-300x251.jpg 300w, https:\/\/fayersandor.hu\/wp-content\/uploads\/2021\/05\/FegyveresKonyv02-1024x858.jpg 1024w, https:\/\/fayersandor.hu\/wp-content\/uploads\/2021\/05\/FegyveresKonyv02-768x644.jpg 768w, https:\/\/fayersandor.hu\/wp-content\/uploads\/2021\/05\/FegyveresKonyv02-1536x1288.jpg 1536w\" sizes=\"(max-width: 1880px) 100vw, 1880px\" \/><\/a><\/figure><div class=\"elementor-image-box-content\"><h3 class=\"elementor-image-box-title\"><a href=\"https:\/\/fayersandor.hu\/?page_id=9\">\u00d6rd\u00f6gi k\u00f6r<\/a><\/h3><p class=\"elementor-image-box-description\">Az \u00d6rd\u00f6gi k\u00f6r v\u00e9rbeli akci\u00f3reg\u00e9ny, amely a fullaszt\u00f3 \u00e9s kiismerhetetlen afg\u00e1n terepen, Kabulban \u00e9s k\u00f6rny\u00e9k\u00e9n j\u00e1tsz\u00f3dik.<\/p><\/div><\/div>\t\t<\/div>\n\t\t\t\t<\/div>\n\t\t\t\t<div class=\"elementor-element elementor-element-6708759 elementor-align-center elementor-widget elementor-widget-button\" data-id=\"6708759\" data-element_type=\"widget\" data-widget_type=\"button.default\">\n\t\t\t\t<div class=\"elementor-widget-container\">\n\t\t\t\t\t<div class=\"elementor-button-wrapper\">\n\t\t\t<a href=\"https:\/\/fayersandor.hu\/?page_id=9\" class=\"elementor-button-link elementor-button elementor-size-sm elementor-animation-grow\" role=\"button\">\n\t\t\t\t\t\t<span class=\"elementor-button-content-wrapper\">\n\t\t\t\t\t\t<span class=\"elementor-button-text\">B\u0150VEBBEN \u00c9RDEKEL<\/span>\n\t\t<\/span>\n\t\t\t\t\t<\/a>\n\t\t<\/div>\n\t\t\t\t<\/div>\n\t\t\t\t<\/div>\n\t\t\t\t\t\t<\/div>\n\t\t\t\t\t<\/div>\n\t\t<\/div>\n\t\t\t\t<div class=\"elementor-column elementor-col-50 elementor-inner-column elementor-element elementor-element-54d7cc10\" data-id=\"54d7cc10\" data-element_type=\"column\">\n\t\t\t<div class=\"elementor-column-wrap elementor-element-populated\">\n\t\t\t\t\t\t\t<div class=\"elementor-widget-wrap\">\n\t\t\t\t\t\t<div class=\"elementor-element elementor-element-74f56fcc elementor-position-top elementor-vertical-align-top elementor-widget elementor-widget-image-box\" data-id=\"74f56fcc\" data-element_type=\"widget\" data-widget_type=\"image-box.default\">\n\t\t\t\t<div class=\"elementor-widget-container\">\n\t\t\t<div class=\"elementor-image-box-wrapper\"><figure class=\"elementor-image-box-img\"><a href=\"https:\/\/fayersandor.hu\/?page_id=115\"><img width=\"1440\" height=\"1207\" src=\"https:\/\/fayersandor.hu\/wp-content\/uploads\/2021\/06\/15-2.jpg\" class=\"attachment-full size-full\" alt=\"\" loading=\"lazy\" srcset=\"https:\/\/fayersandor.hu\/wp-content\/uploads\/2021\/06\/15-2.jpg 1440w, https:\/\/fayersandor.hu\/wp-content\/uploads\/2021\/06\/15-2-300x251.jpg 300w, https:\/\/fayersandor.hu\/wp-content\/uploads\/2021\/06\/15-2-1024x858.jpg 1024w, https:\/\/fayersandor.hu\/wp-content\/uploads\/2021\/06\/15-2-768x644.jpg 768w\" sizes=\"(max-width: 1440px) 100vw, 1440px\" \/><\/a><\/figure><div class=\"elementor-image-box-content\"><h3 class=\"elementor-image-box-title\"><a href=\"https:\/\/fayersandor.hu\/?page_id=115\">A Mars pokla<\/a><\/h3><p class=\"elementor-image-box-description\">Az Afganiszt\u00e1nban szolg\u00e1l\u00f3 magyar \u0151rnagy, M\u00e1rk \u00e9s \u00f6tf\u0151s, harcedzett csapata egy l\u00e1tsz\u00f3lag egyszer\u0171 megb\u00edzat\u00e1st kap: \u00e1t kell adniuk a magyarok felel\u0151ss\u00e9gi ter\u00fclet\u00e9t Kabulban az amerikai er\u0151knek. De Afganiszt\u00e1nban nincs rutinfeladat.<\/p><\/div><\/div>\t\t<\/div>\n\t\t\t\t<\/div>\n\t\t\t\t<div class=\"elementor-element elementor-element-a3c11b1 elementor-align-center elementor-widget elementor-widget-button\" data-id=\"a3c11b1\" data-element_type=\"widget\" data-widget_type=\"button.default\">\n\t\t\t\t<div class=\"elementor-widget-container\">\n\t\t\t\t\t<div class=\"elementor-button-wrapper\">\n\t\t\t<a href=\"https:\/\/fayersandor.hu\/?page_id=115\" class=\"elementor-button-link elementor-button elementor-size-sm elementor-animation-grow\" role=\"button\">\n\t\t\t\t\t\t<span class=\"elementor-button-content-wrapper\">\n\t\t\t\t\t\t<span class=\"elementor-button-text\">B\u0150VEBBEN \u00c9RDEKEL<\/span>\n\t\t<\/span>\n\t\t\t\t\t<\/a>\n\t\t<\/div>\n\t\t\t\t<\/div>\n\t\t\t\t<\/div>\n\t\t\t\t\t\t<\/div>\n\t\t\t\t\t<\/div>\n\t\t<\/div>\n\t\t\t\t\t\t\t\t<\/div>\n\t\t\t\t\t<\/div>\n\t\t<\/section>\n\t\t\t\t\t\t<\/div>\n\t\t\t\t\t<\/div>\n\t\t<\/div>\n\t\t\t\t\t\t\t\t<\/div>\n\t\t\t\t\t<\/div>\n\t\t<\/section>\n\t\t\t\t<section class=\"elementor-section elementor-top-section elementor-element elementor-element-47b45aa elementor-section-boxed elementor-section-height-default elementor-section-height-default\" data-id=\"47b45aa\" data-element_type=\"section\" data-settings=\"{&quot;background_background&quot;:&quot;classic&quot;}\">\n\t\t\t\t\t\t<div class=\"elementor-container elementor-column-gap-default\">\n\t\t\t\t\t\t\t<div class=\"elementor-row\">\n\t\t\t\t\t<div class=\"elementor-column elementor-col-100 elementor-top-column elementor-element elementor-element-aec2635\" data-id=\"aec2635\" data-element_type=\"column\" data-settings=\"{&quot;background_background&quot;:&quot;classic&quot;}\">\n\t\t\t<div class=\"elementor-column-wrap elementor-element-populated\">\n\t\t\t\t\t\t\t<div class=\"elementor-widget-wrap\">\n\t\t\t\t\t\t<div class=\"elementor-element elementor-element-82f8302 elementor-aspect-ratio-169 elementor-widget elementor-widget-video\" data-id=\"82f8302\" data-element_type=\"widget\" data-settings=\"{&quot;youtube_url&quot;:&quot;https:\\\/\\\/www.youtube.com\\\/watch?v=h_ROFHxNUk0&quot;,&quot;autoplay&quot;:&quot;yes&quot;,&quot;loop&quot;:&quot;yes&quot;,&quot;video_type&quot;:&quot;youtube&quot;,&quot;controls&quot;:&quot;yes&quot;,&quot;aspect_ratio&quot;:&quot;169&quot;}\" data-widget_type=\"video.default\">\n\t\t\t\t<div class=\"elementor-widget-container\">\n\t\t\t\t\t<div class=\"elementor-wrapper elementor-fit-aspect-ratio elementor-open-inline\">\n\t\t\t<div class=\"elementor-video\"><\/div>\t\t<\/div>\n\t\t\t\t<\/div>\n\t\t\t\t<\/div>\n\t\t\t\t\t\t<\/div>\n\t\t\t\t\t<\/div>\n\t\t<\/div>\n\t\t\t\t\t\t\t\t<\/div>\n\t\t\t\t\t<\/div>\n\t\t<\/section>\n\t\t\t\t\t\t<\/div>\n\t\t\t\t\t\t<\/div>\n\t\t\t\t\t<\/div>\n\t\t","protected":false},"excerpt":{"rendered":"<p>Fayer S\u00e1ndor k\u00f6nyvei \u00d6rd\u00f6gi k\u00f6r Az \u00d6rd\u00f6gi k\u00f6r v\u00e9rbeli akci\u00f3reg\u00e9ny, amely a fullaszt\u00f3 \u00e9s kiismerhetetlen afg\u00e1n terepen, Kabulban \u00e9s k\u00f6rny\u00e9k\u00e9n j\u00e1tsz\u00f3dik. B\u0150VEBBEN \u00c9RDEKEL A Mars pokla Az Afganiszt\u00e1nban szolg\u00e1l\u00f3 magyar \u0151rnagy, M\u00e1rk \u00e9s \u00f6tf\u0151s, harcedzett csapata egy l\u00e1tsz\u00f3lag egyszer\u0171 megb\u00edzat\u00e1st kap: \u00e1t kell adniuk a magyarok felel\u0151ss\u00e9gi ter\u00fclet\u00e9t Kabulban az amerikai er\u0151knek. De Afganiszt\u00e1nban nincs [&hellip;]<\/p>\n","protected":false},"author":1,"featured_media":0,"parent":0,"menu_order":0,"comment_status":"closed","ping_status":"closed","template":"elementor_canvas","meta":{"_monsterinsights_skip_tracking":false,"_monsterinsights_sitenote_active":false,"_monsterinsights_sitenote_note":"","_monsterinsights_sitenote_category":0},"yoast_head":"<!-- This site is optimized with the Yoast SEO plugin v15.9.1 - https:\/\/yoast.com\/wordpress\/plugins\/seo\/ -->\n<title>K\u00e9t k\u00f6nyv - fayersandor.hu<\/title>\n<meta name=\"robots\" content=\"index, follow, max-snippet:-1, max-image-preview:large, max-video-preview:-1\" \/>\n<link rel=\"canonical\" href=\"https:\/\/fayersandor.hu\/\" \/>\n<meta property=\"og:locale\" content=\"hu_HU\" \/>\n<meta property=\"og:type\" content=\"article\" \/>\n<meta property=\"og:title\" content=\"K\u00e9t k\u00f6nyv - fayersandor.hu\" \/>\n<meta property=\"og:description\" content=\"Fayer S\u00e1ndor k\u00f6nyvei \u00d6rd\u00f6gi k\u00f6r Az \u00d6rd\u00f6gi k\u00f6r v\u00e9rbeli akci\u00f3reg\u00e9ny, amely a fullaszt\u00f3 \u00e9s kiismerhetetlen afg\u00e1n terepen, Kabulban \u00e9s k\u00f6rny\u00e9k\u00e9n j\u00e1tsz\u00f3dik. B\u0150VEBBEN \u00c9RDEKEL A Mars pokla Az Afganiszt\u00e1nban szolg\u00e1l\u00f3 magyar \u0151rnagy, M\u00e1rk \u00e9s \u00f6tf\u0151s, harcedzett csapata egy l\u00e1tsz\u00f3lag egyszer\u0171 megb\u00edzat\u00e1st kap: \u00e1t kell adniuk a magyarok felel\u0151ss\u00e9gi ter\u00fclet\u00e9t Kabulban az amerikai er\u0151knek. De Afganiszt\u00e1nban nincs [&hellip;]\" \/>\n<meta property=\"og:url\" content=\"https:\/\/fayersandor.hu\/\" \/>\n<meta property=\"og:site_name\" content=\"fayersandor.hu\" \/>\n<meta property=\"article:modified_time\" content=\"2021-12-06T11:30:48+00:00\" \/>\n<meta property=\"og:image\" content=\"https:\/\/fayersandor.hu\/wp-content\/uploads\/2021\/05\/FegyveresKonyv02.jpg\" \/>\n<meta name=\"twitter:card\" content=\"summary_large_image\" \/>\n<meta name=\"twitter:label1\" content=\"Becs\u00fclt olvas\u00e1si id\u0151\">\n\t<meta name=\"twitter:data1\" content=\"1 perc\">\n<script type=\"application\/ld+json\" class=\"yoast-schema-graph\">{\"@context\":\"https:\/\/schema.org\",\"@graph\":[{\"@type\":\"WebSite\",\"@id\":\"https:\/\/fayersandor.hu\/#website\",\"url\":\"https:\/\/fayersandor.hu\/\",\"name\":\"fayersandor.hu\",\"description\":\"...egy \\u00fajabb WordPress honlap...\",\"potentialAction\":[{\"@type\":\"SearchAction\",\"target\":\"https:\/\/fayersandor.hu\/?s={search_term_string}\",\"query-input\":\"required name=search_term_string\"}],\"inLanguage\":\"hu\"},{\"@type\":\"ImageObject\",\"@id\":\"https:\/\/fayersandor.hu\/#primaryimage\",\"inLanguage\":\"hu\",\"url\":\"https:\/\/fayersandor.hu\/wp-content\/uploads\/2021\/05\/FegyveresKonyv02.jpg\",\"width\":1880,\"height\":1576},{\"@type\":\"WebPage\",\"@id\":\"https:\/\/fayersandor.hu\/#webpage\",\"url\":\"https:\/\/fayersandor.hu\/\",\"name\":\"K\\u00e9t k\\u00f6nyv - fayersandor.hu\",\"isPartOf\":{\"@id\":\"https:\/\/fayersandor.hu\/#website\"},\"primaryImageOfPage\":{\"@id\":\"https:\/\/fayersandor.hu\/#primaryimage\"},\"datePublished\":\"2021-06-09T07:21:05+00:00\",\"dateModified\":\"2021-12-06T11:30:48+00:00\",\"breadcrumb\":{\"@id\":\"https:\/\/fayersandor.hu\/#breadcrumb\"},\"inLanguage\":\"hu\",\"potentialAction\":[{\"@type\":\"ReadAction\",\"target\":[\"https:\/\/fayersandor.hu\/\"]}]},{\"@type\":\"BreadcrumbList\",\"@id\":\"https:\/\/fayersandor.hu\/#breadcrumb\",\"itemListElement\":[{\"@type\":\"ListItem\",\"position\":1,\"item\":{\"@type\":\"WebPage\",\"@id\":\"https:\/\/fayersandor.hu\/\",\"url\":\"https:\/\/fayersandor.hu\/\",\"name\":\"Home\"}},{\"@type\":\"ListItem\",\"position\":2,\"item\":{\"@type\":\"WebPage\",\"@id\":\"https:\/\/fayersandor.hu\/\",\"url\":\"https:\/\/fayersandor.hu\/\",\"name\":\"K\\u00e9t k\\u00f6nyv\"}}]}]}<\/script>\n<!-- \/ Yoast SEO plugin. -->","_links":{"self":[{"href":"https:\/\/fayersandor.hu\/index.php?rest_route=\/wp\/v2\/pages\/139"}],"collection":[{"href":"https:\/\/fayersandor.hu\/index.php?rest_route=\/wp\/v2\/pages"}],"about":[{"href":"https:\/\/fayersandor.hu\/index.php?rest_route=\/wp\/v2\/types\/page"}],"author":[{"embeddable":true,"href":"https:\/\/fayersandor.hu\/index.php?rest_route=\/wp\/v2\/users\/1"}],"replies":[{"embeddable":true,"href":"https:\/\/fayersandor.hu\/index.php?rest_route=%2Fwp%2Fv2%2Fcomments&post=139"}],"version-history":[{"count":6,"href":"https:\/\/fayersandor.hu\/index.php?rest_route=\/wp\/v2\/pages\/139\/revisions"}],"predecessor-version":[{"id":280,"href":"https:\/\/fayersandor.hu\/index.php?rest_route=\/wp\/v2\/pages\/139\/revisions\/280"}],"wp:attachment":[{"href":"https:\/\/fayersandor.hu\/index.php?rest_route=%2Fwp%2Fv2%2Fmedia&parent=139"}],"curies":[{"name":"wp","href":"https:\/\/api.w.org\/{rel}","templated":true}]}}